{"id":5,"date":"2023-07-17T15:57:17","date_gmt":"2023-07-17T18:57:17","guid":{"rendered":"https:\/\/portallegislativo.com\/cm\/canudos\/?page_id=5"},"modified":"2023-07-25T09:43:54","modified_gmt":"2023-07-25T12:43:54","slug":"principal","status":"publish","type":"page","link":"https:\/\/portallegislativo.com\/cm\/canudos\/","title":{"rendered":"C\u00e2mara Municipal de Canudos"},"content":{"rendered":"<div id=\"pl-5\"  class=\"panel-layout\" ><div id=\"pg-5-0\"  class=\"panel-grid panel-no-style\" ><div id=\"pgc-5-0-0\"  class=\"panel-grid-cell\" ><div id=\"panel-5-0-0-0\" class=\"so-panel widget widget_siteorigin-panels-builder panel-first-child panel-last-child\" data-index=\"0\" ><div id=\"pl-w64bfc38a6187d\"  class=\"panel-layout\" ><div id=\"pg-w64bfc38a6187d-0\"  class=\"panel-grid panel-has-style\" ><div class=\"siteorigin-panels-stretch panel-row-style panel-row-style-for-w64bfc38a6187d-0\" data-stretch-type=\"full\" ><div id=\"pgc-w64bfc38a6187d-0-0\"  class=\"panel-grid-cell\" ><div id=\"panel-w64bfc38a6187d-0-0-0\" class=\"so-panel widget widget_sow-editor panel-first-child panel-last-child\" data-index=\"0\" ><div class=\"panel-widget-style panel-widget-style-for-w64bfc38a6187d-0-0-0\" ><div\n\t\t\t\n\t\t\tclass=\"so-widget-sow-editor so-widget-sow-editor-base\"\n\t\t\t\n\t\t>\n<div class=\"siteorigin-widget-tinymce textwidget\">\n\t<div style=\"padding: 0% 20% 0% 20%; text-align: center;\">\n<img decoding=\"async\" style=\"max-height: 222px;\" src=\"https:\/\/portallegislativo.com\/cm\/canudos\/wp-content\/uploads\/sites\/77\/2023\/07\/brasao_canudos.webp\" alt=\"\"\/>\n<\/div>\n<h3 style=\"text-align: center; margin-bottom: 0px!important;\">C\u00e2mara Municipal de Canudos<\/h3>\n<p style=\"text-align:center; margin: 0px; font-size: 18px!important;\">Mandato participativo<\/p>\n<\/div>\n<\/div><\/div><\/div><\/div><\/div><\/div><div id=\"pg-w64bfc38a6187d-1\"  class=\"panel-grid panel-no-style\" ><div id=\"pgc-w64bfc38a6187d-1-0\"  class=\"panel-grid-cell\" ><div id=\"panel-w64bfc38a6187d-1-0-0\" class=\"widget_text so-panel widget widget_custom_html panel-first-child panel-last-child\" data-index=\"1\" ><div class=\"textwidget custom-html-widget\"><!DOCTYPE html PUBLIC \"-\/\/W3C\/\/DTD XHTML 1.0 Strict\/\/EN\" \"http:\/\/www.w3.org\/TR\/xhtml1\/DTD\/xhtml1-strict.dtd\">\n<html>\n\t<head>\n\t<meta charset=\"utf-8\">\n  <link rel=\"stylesheet\" href=\"https:\/\/maxcdn.bootstrapcdn.com\/bootstrap\/3.4.1\/css\/bootstrap.min.css\">\n\t<meta http-equiv=\"content-type\" content=\"text\/html; charset=utf-8\">\t\n  <script src=\"https:\/\/ajax.googleapis.com\/ajax\/libs\/jquery\/3.6.0\/jquery.min.js\"><\/script>\n  <script src=\"https:\/\/maxcdn.bootstrapcdn.com\/bootstrap\/3.4.1\/js\/bootstrap.min.js\"><\/script>\n\t\n  <script type=\"text\/javascript\">\n\t\tvar query = location.search.slice(1);\n\t\tvar partes = query.split('&');\n\t\tvar data = {};\n\t\tvar tipo = \"\";\n\t\tvar url = \"\";\n\t\tpartes.forEach(function (parte) {\n\t\t\t\tvar chaveValor = parte.split('=');\n\t\t\t\tvar chave = chaveValor[0];\n\t\t\t\tvar valor = chaveValor[1];\n\t\t\t\tdata[chave] = valor;\n\t\t});\n\n\t\tconsole.log(data); \n\t\tconsole.log(data.estado);\n\t\tconsole.log(data.cidade);\n\t\tconsole.log(data.disp);\n\n    let localUsuario;\n\n  window.onload = function() {\n\n  async function success(pos) {\n  \n\t\tlocalUsuario = [{uf: data.estado , cidade: data.cidade, disp: data.disp}];\n\n  \n  };\n\n  function error(err) {\n  \t\tconsole.warn('ERROR(' + err.code + '): ' + err.message);\n\t\t};\n\n  success({coords:{latitude:'-23.5503099', longitude:'-46.6363896'}});\n  \n};\n\n\tfunction inicio() {\n\t\t\tvar query = location.search.slice(1);\n\t\t\tvar partes = query.split('&');\n\t\t\tvar data = {};\n\t\t\tvar tipo = \"\";\n\t\t\tvar url = \"\";\n\t\t\tpartes.forEach(function (parte) {\n\t\t\t\tvar chaveValor = parte.split('=');\n\t\t\t\tvar chave = chaveValor[0];\n\t\t\t\tvar valor = chaveValor[1];\n\t\t\t\tdata[chave] = valor;\n\t\t\t}); \n\t\t\t\n\t\t\tif (data.disp == \"1\"){\n\t\t\t\twindow.location.replace(\"https:\/\/portallegislativo.com\/mobvereadores\/?estado=\"+data.estado+\"&cidade=\"+data.cidade+\"&disp=1\");\n\t\t\t} else {\n\t\t\t\t\twindow.location.replace(\"https:\/\/portallegislativo.com\/mobvereadores\/?estado=\"+data.estado+\"&cidade=\"+data.cidade);\n\t\t\t}\n\n\t\t}\n\n\n  \t\/\/Abre a p\u00e1gina da cidade selecionada\n\tfunction abrirDeputadoEst() {\n\t\tif (data.disp == '1' ) {\n\t\t\twindow.location.href = \"https:\/\/portallegislativo.com\/mobdepestaduais\/?estado=\"+data.estado+\"&cidade=\"+data.cidade+\"&disp=\"+data.disp;\n\t\t} else {\n\t\t\twindow.location.href = \"https:\/\/portallegislativo.com\/mobdepestaduais\/?estado=\"+data.estado+\"&cidade=\"+data.cidade+\"&disp=0\";\n\t\t}\n\t\t\/\/window.location.href = \"https:\/\/portallegislativo.com\/mobile\/?estado=SaoPaulo&cidade=Tupa\";\n\t\treturn null;\n\t}\n\t\t\n\tfunction abrirDeputadoFed() {\n\t\tif (data.disp == '1' ) {\n\t\t\twindow.location.href = \"https:\/\/portallegislativo.com\/mobdepfederais\/?estado=\"+data.estado+\"&cidade=\"+data.cidade+\"&disp=\"+data.disp;\n\t\t} else {\n\t\t\twindow.location.href = \"https:\/\/portallegislativo.com\/mobdepfederais\/?estado=\"+data.estado+\"&cidade=\"+data.cidade+\"&disp=0\";\n\t\t}\n\t\t\/\/window.location.href = \"https:\/\/portallegislativo.com\/mobile\/?estado=SaoPaulo&cidade=Tupa\";\n\t\treturn null;\n\t}\n\n\tfunction abrirVereador() {\n\t\tif (data.disp == '1' ) {\n\t\t\twindow.location.href = \"https:\/\/portallegislativo.com\/mobvereadores\/?estado=\"+data.estado+\"&cidade=\"+data.cidade+\"&disp=\"+data.disp;\n\t\t\t\t} else {\n\t\t\twindow.location.href = \"https:\/\/portallegislativo.com\/mobvereadores\/?estado=\"+data.estado+\"&cidade=\"+data.cidade+\"&disp=0\";\n\t\t}\n\t\treturn null;\n\t}\n\t\n  <\/script>\n\t<\/head>\n\t\n\t<body class=\"cidades js login-action-login wp-core-ui  locale-pt-br\" style=\"height: 100%;\">\n\t\t\n\t<script type=\"text\/javascript\">\n\t\tdocument.body.className = document.body.className.replace('no-js','js'); \n\t<\/script>\n\t\t\n\t<div style=\"height: 100%;\" id=\"cidadex1\">\n\t\t<p style=\"text-align:center; margin: 0px; font-size: 18px!important\">Apenas o envio de propostas, sugest\u00f5es ou denuncias est\u00e3o habilitados. Acesse a <strong>Ouvidoria<\/strong> ou ent\u00e3o <strong>avalie o mandato<\/strong> dos Vereadores.<\/p>\n\t<div class=\"\">\n\t\t<div class=\"row\" style=\"margin-right: 0px; margin-left: -900px;\">\n  \t\t<div class=\"col\">\n\t\t\t\t\t<p class=\"submit\" >\n\t\t\t\t\t\t<button  \n\t\t\t\t\t\t\tclass=\"button button-primary button-large mun esquerda popmake-22\"\n\t\t\t\t\t\t\tid=\"botao-vereador\"\n\t\t\t\t\t\t>\n\t\t\t\t\t\t\tOUVIDORIA\n\t\t\t\t\t\t<\/button>\n\t\t\t\t\t<\/p> \n\t\t\t\t<\/div>\n\t\t\t<\/div>\n\t\t\t<div class=\"row\" style=\"margin-right: -900px; margin-left: 0px;\">\n  \t\t<div class=\"col\">\n\t\t\t\t<p class=\"submit1\">\n\t\t\t\t\t<button  \n\t\t\t\t\t\tclass=\"button button-primary button-large est direita popmake-20\"\n\t\t\t\t\t\tid=\"botao-deputadoestadual\"\n\t\t\t\t\t>\n\t\t\t\t\t\tAVALIAR MANDATO\n\t\t\t\t\t<\/button>\n\t\t\t\t<\/p> \t\t\t\t\n\t\t\t<\/div>\n\t\t<\/div>\n\t\t\t<div class=\"row\" style=\"margin-right: 0px; margin-left: -900px;\">\n  \t\t<div class=\"col\">  \t\t\n\t\t\t\t<p class=\"submit1\">\n\t\t\t\t\t<button  \n\t\t\t\t\t\tonclick=\"inicio();\" \n\t\t\t\t\t\tclass=\"button button-primary button-large fed esquerda\"\n\t\t\t\t\t\tid=\"botao-deputadofederal\"\n\t\t\t\t\t>\n\t\t\t\t\t\tVOLTAR\n\t\t\t\t\t<\/button>\n\t\t\t\t<\/p> \n\t\t\t<\/div>\n\t<\/div>\n\t<\/div>\t\n\t<\/div>\n<p id=\"demo\"><\/p>\n\n\t<\/body>\n<\/html><\/div><\/div><\/div><\/div><\/div><\/div><\/div><\/div><\/div>","protected":false},"excerpt":{"rendered":"<p>C\u00e2mara Municipal de Canudos Mandato participativo Apenas o envio de propostas, sugest\u00f5es ou denuncias est\u00e3o habilitados. Acesse a Ouvidoria ou ent\u00e3o avalie o mandato dos Vereadores. OUVIDORIA AVALIAR MANDATO VOLTAR<\/p>\n","protected":false},"author":1,"featured_media":0,"parent":0,"menu_order":0,"comment_status":"closed","ping_status":"closed","template":"","meta":{"footnotes":""},"class_list":["post-5","page","type-page","status-publish","hentry"],"_links":{"self":[{"href":"https:\/\/portallegislativo.com\/cm\/canudos\/wp-json\/wp\/v2\/pages\/5","targetHints":{"allow":["GET"]}}],"collection":[{"href":"https:\/\/portallegislativo.com\/cm\/canudos\/wp-json\/wp\/v2\/pages"}],"about":[{"href":"https:\/\/portallegislativo.com\/cm\/canudos\/wp-json\/wp\/v2\/types\/page"}],"author":[{"embeddable":true,"href":"https:\/\/portallegislativo.com\/cm\/canudos\/wp-json\/wp\/v2\/users\/1"}],"replies":[{"embeddable":true,"href":"https:\/\/portallegislativo.com\/cm\/canudos\/wp-json\/wp\/v2\/comments?post=5"}],"version-history":[{"count":19,"href":"https:\/\/portallegislativo.com\/cm\/canudos\/wp-json\/wp\/v2\/pages\/5\/revisions"}],"predecessor-version":[{"id":38,"href":"https:\/\/portallegislativo.com\/cm\/canudos\/wp-json\/wp\/v2\/pages\/5\/revisions\/38"}],"wp:attachment":[{"href":"https:\/\/portallegislativo.com\/cm\/canudos\/wp-json\/wp\/v2\/media?parent=5"}],"curies":[{"name":"wp","href":"https:\/\/api.w.org\/{rel}","templated":true}]}}